{"id":1818,"date":"2025-10-16T17:20:14","date_gmt":"2025-10-16T17:20:14","guid":{"rendered":"https:\/\/serviciosganaderosvg.es\/?page_id=1818"},"modified":"2025-10-23T14:01:56","modified_gmt":"2025-10-23T14:01:56","slug":"traballa-con-nos","status":"publish","type":"page","link":"https:\/\/serviciosganaderosvg.es\/es\/traballa-con-nos\/","title":{"rendered":"Trabaja con nosotros"},"content":{"rendered":"<div data-elementor-type=\"wp-page\" data-elementor-id=\"1818\" class=\"elementor elementor-1818\" data-elementor-post-type=\"page\">\n\t\t\t\t<section class=\"elementor-element elementor-element-a13ddaf e-flex e-con-boxed e-con e-parent\" data-id=\"a13ddaf\" data-element_type=\"container\" data-settings=\"{&quot;background_background&quot;:&quot;classic&quot;}\">\n\t\t\t\t\t<div class=\"e-con-inner\">\n\t\t\t\t<div class=\"elementor-element elementor-element-036a0bb elementor-widget__width-initial elementor-widget elementor-widget-heading\" data-id=\"036a0bb\" data-element_type=\"widget\" data-widget_type=\"heading.default\">\n\t\t\t\t<div class=\"elementor-widget-container\">\n\t\t\t\t\t<h1 class=\"elementor-heading-title elementor-size-default\">Trabaja con nosotros<\/h1>\t\t\t\t<\/div>\n\t\t\t\t<\/div>\n\t\t\t\t<div class=\"elementor-element elementor-element-89a67ba elementor-widget__width-initial elementor-widget elementor-widget-text-editor\" data-id=\"89a67ba\" data-element_type=\"widget\" data-widget_type=\"text-editor.default\">\n\t\t\t\t<div class=\"elementor-widget-container\">\n\t\t\t\t\t\t\t\t\t<p>Te gusta el mundo de la ganader\u00eda? \u00danete a nuestro equipo<\/p>\t\t\t\t\t\t\t\t<\/div>\n\t\t\t\t<\/div>\n\t\t\t\t\t<\/div>\n\t\t\t\t<\/section>\n\t\t<section class=\"elementor-element elementor-element-5d00b51 e-flex e-con-boxed e-con e-parent\" data-id=\"5d00b51\" data-element_type=\"container\">\n\t\t\t\t\t<div class=\"e-con-inner\">\n\t\t<div class=\"elementor-element elementor-element-5de420b e-con-full e-flex e-con e-child\" data-id=\"5de420b\" data-element_type=\"container\">\n\t\t\t\t<div class=\"elementor-element elementor-element-389d82d elementor-widget__width-initial elementor-widget-tablet__width-initial elementor-widget elementor-widget-heading\" data-id=\"389d82d\" data-element_type=\"widget\" data-widget_type=\"heading.default\">\n\t\t\t\t<div class=\"elementor-widget-container\">\n\t\t\t\t\t<h2 class=\"elementor-heading-title elementor-size-default\">El campo necesita <strong>manos!<\/strong><\/h2>\t\t\t\t<\/div>\n\t\t\t\t<\/div>\n\t\t\t\t<div class=\"elementor-element elementor-element-325d1e0 elementor-widget elementor-widget-text-editor\" data-id=\"325d1e0\" data-element_type=\"widget\" data-widget_type=\"text-editor.default\">\n\t\t\t\t<div class=\"elementor-widget-container\">\n\t\t\t\t\t\t\t\t\t<p><strong>Sin gente<\/strong>, no hay leche, no hay carne y <strong>no hay futuro en el rural<\/strong>.<\/p><p>Por eso, en Servicios Ganaderos VG <strong>buscamos personal<\/strong> para continuar al lado delas granjas que m\u00e1s lo necesitan.<\/p><p>Si valoras el campo, te gusta trabajar con animales y quieres formar parte de una red de cuidadores del sector primario, <strong>cont\u00e1ctanos<\/strong>!<\/p>\t\t\t\t\t\t\t\t<\/div>\n\t\t\t\t<\/div>\n\t\t<div class=\"elementor-element elementor-element-0a2fc8c e-con-full e-flex e-con e-child\" data-id=\"0a2fc8c\" data-element_type=\"container\">\n\t\t\t\t<div class=\"elementor-element elementor-element-5ff367d elementor-widget elementor-widget-button\" data-id=\"5ff367d\" data-element_type=\"widget\" data-widget_type=\"button.default\">\n\t\t\t\t<div class=\"elementor-widget-container\">\n\t\t\t\t\t\t\t\t\t<div class=\"elementor-button-wrapper\">\n\t\t\t\t\t<a class=\"elementor-button elementor-button-link elementor-size-sm\" href=\"#\" target=\"_blank\" rel=\"nofollow\">\n\t\t\t\t\t\t<span class=\"elementor-button-content-wrapper\">\n\t\t\t\t\t\t\t\t\t<span class=\"elementor-button-text\">Whatsapp<\/span>\n\t\t\t\t\t<\/span>\n\t\t\t\t\t<\/a>\n\t\t\t\t<\/div>\n\t\t\t\t\t\t\t\t<\/div>\n\t\t\t\t<\/div>\n\t\t\t\t<div class=\"elementor-element elementor-element-52a6a44 elementor-widget elementor-widget-button\" data-id=\"52a6a44\" data-element_type=\"widget\" data-widget_type=\"button.default\">\n\t\t\t\t<div class=\"elementor-widget-container\">\n\t\t\t\t\t\t\t\t\t<div class=\"elementor-button-wrapper\">\n\t\t\t\t\t<a class=\"elementor-button elementor-button-link elementor-size-sm\" href=\"mailto:clientes@serviciosganaderosvg.es\" target=\"_blank\" rel=\"nofollow\">\n\t\t\t\t\t\t<span class=\"elementor-button-content-wrapper\">\n\t\t\t\t\t\t\t\t\t<span class=\"elementor-button-text\">Email<\/span>\n\t\t\t\t\t<\/span>\n\t\t\t\t\t<\/a>\n\t\t\t\t<\/div>\n\t\t\t\t\t\t\t\t<\/div>\n\t\t\t\t<\/div>\n\t\t\t\t<\/div>\n\t\t\t\t<\/div>\n\t\t<div class=\"elementor-element elementor-element-f60a959 e-con-full e-flex e-con e-child\" data-id=\"f60a959\" data-element_type=\"container\">\n\t\t\t\t<div class=\"elementor-element elementor-element-2267cbc elementor-widget elementor-widget-image\" data-id=\"2267cbc\" data-element_type=\"widget\" data-widget_type=\"image.default\">\n\t\t\t\t<div class=\"elementor-widget-container\">\n\t\t\t\t\t\t\t\t\t\t\t\t\t\t\t<img fetchpriority=\"high\" decoding=\"async\" width=\"800\" height=\"534\" src=\"https:\/\/serviciosganaderosvg.es\/wp-content\/uploads\/2025\/10\/hand-feed-1024x684.webp\" class=\"attachment-large size-large wp-image-1849\" alt=\"\" srcset=\"https:\/\/serviciosganaderosvg.es\/wp-content\/uploads\/2025\/10\/hand-feed-1024x684.webp 1024w, https:\/\/serviciosganaderosvg.es\/wp-content\/uploads\/2025\/10\/hand-feed-300x200.webp 300w, https:\/\/serviciosganaderosvg.es\/wp-content\/uploads\/2025\/10\/hand-feed-768x513.webp 768w, https:\/\/serviciosganaderosvg.es\/wp-content\/uploads\/2025\/10\/hand-feed-1536x1026.webp 1536w, https:\/\/serviciosganaderosvg.es\/wp-content\/uploads\/2025\/10\/hand-feed-18x12.webp 18w, https:\/\/serviciosganaderosvg.es\/wp-content\/uploads\/2025\/10\/hand-feed.webp 1920w\" sizes=\"(max-width: 800px) 100vw, 800px\" \/>\t\t\t\t\t\t\t\t\t\t\t\t\t\t\t<\/div>\n\t\t\t\t<\/div>\n\t\t\t\t<\/div>\n\t\t\t\t\t<\/div>\n\t\t\t\t<\/section>\n\t\t\t\t<\/div>","protected":false},"excerpt":{"rendered":"<p>Traballa con n\u00f3s G\u00fastache o mundo da gandeir\u00eda? \u00danete ao noso equipo O campo necesita mans! Sen xente, non hai leite, non hai carne e non hai futuro no rural. Por iso, en Servicios Ganaderos VG buscamos persoal para continuar a car\u00f3n das granxas que m\u00e1is o precisan. Se valoras o campo, che gusta traballar [&hellip;]<\/p>\n","protected":false},"author":1,"featured_media":0,"parent":0,"menu_order":0,"comment_status":"closed","ping_status":"closed","template":"","meta":{"footnotes":""},"class_list":["post-1818","page","type-page","status-publish","hentry"],"aioseo_notices":[],"_links":{"self":[{"href":"https:\/\/serviciosganaderosvg.es\/es\/wp-json\/wp\/v2\/pages\/1818","targetHints":{"allow":["GET"]}}],"collection":[{"href":"https:\/\/serviciosganaderosvg.es\/es\/wp-json\/wp\/v2\/pages"}],"about":[{"href":"https:\/\/serviciosganaderosvg.es\/es\/wp-json\/wp\/v2\/types\/page"}],"author":[{"embeddable":true,"href":"https:\/\/serviciosganaderosvg.es\/es\/wp-json\/wp\/v2\/users\/1"}],"replies":[{"embeddable":true,"href":"https:\/\/serviciosganaderosvg.es\/es\/wp-json\/wp\/v2\/comments?post=1818"}],"version-history":[{"count":36,"href":"https:\/\/serviciosganaderosvg.es\/es\/wp-json\/wp\/v2\/pages\/1818\/revisions"}],"predecessor-version":[{"id":2145,"href":"https:\/\/serviciosganaderosvg.es\/es\/wp-json\/wp\/v2\/pages\/1818\/revisions\/2145"}],"wp:attachment":[{"href":"https:\/\/serviciosganaderosvg.es\/es\/wp-json\/wp\/v2\/media?parent=1818"}],"curies":[{"name":"wp","href":"https:\/\/api.w.org\/{rel}","templated":true}]}}