{"id":1166,"date":"2025-10-01T07:53:08","date_gmt":"2025-10-01T07:53:08","guid":{"rendered":"https:\/\/serviciosganaderosvg.es\/?page_id=1166"},"modified":"2025-10-23T15:16:39","modified_gmt":"2025-10-23T15:16:39","slug":"politica-de-privacidada","status":"publish","type":"page","link":"https:\/\/serviciosganaderosvg.es\/es\/politica-de-privacidada\/","title":{"rendered":"Pol\u00edtica de privacidad"},"content":{"rendered":"<div data-elementor-type=\"wp-page\" data-elementor-id=\"1166\" class=\"elementor elementor-1166\" data-elementor-post-type=\"page\">\n\t\t\t\t<div class=\"elementor-element elementor-element-313adb3 e-con-full e-flex e-con e-parent\" data-id=\"313adb3\" data-element_type=\"container\">\n\t\t<section class=\"elementor-element elementor-element-afce571 e-con-full e-flex e-con e-child\" data-id=\"afce571\" data-element_type=\"container\" data-settings=\"{&quot;background_background&quot;:&quot;classic&quot;}\">\n\t\t\t\t<div class=\"elementor-element elementor-element-f103a69 elementor-widget__width-initial elementor-widget elementor-widget-heading\" data-id=\"f103a69\" data-element_type=\"widget\" data-widget_type=\"heading.default\">\n\t\t\t\t<div class=\"elementor-widget-container\">\n\t\t\t\t\t<h1 class=\"elementor-heading-title elementor-size-default\">Pol\u00edtica de privacidad<\/h1>\t\t\t\t<\/div>\n\t\t\t\t<\/div>\n\t\t\t\t<\/section>\n\t\t\t\t<\/div>\n\t\t\t\t<section class=\"elementor-section elementor-top-section elementor-element elementor-element-1a1aa5f elementor-section-boxed elementor-section-height-default elementor-section-height-default\" data-id=\"1a1aa5f\" data-element_type=\"section\">\n\t\t\t\t\t\t<div class=\"elementor-container elementor-column-gap-default\">\n\t\t\t\t\t<div class=\"elementor-column elementor-col-100 elementor-top-column elementor-element elementor-element-4d8acb3\" data-id=\"4d8acb3\" data-element_type=\"column\">\n\t\t\t<div class=\"elementor-widget-wrap elementor-element-populated\">\n\t\t\t\t\t\t<div class=\"elementor-element elementor-element-33e8f9a elementor-widget__width-auto elementor-widget elementor-widget-heading\" data-id=\"33e8f9a\" data-element_type=\"widget\" data-widget_type=\"heading.default\">\n\t\t\t\t<div class=\"elementor-widget-container\">\n\t\t\t\t\t<h2 class=\"elementor-heading-title elementor-size-default\">Responsable do tratamento de datos<\/h2>\t\t\t\t<\/div>\n\t\t\t\t<\/div>\n\t\t\t\t<div class=\"elementor-element elementor-element-fd8a750 elementor-widget elementor-widget-text-editor\" data-id=\"fd8a750\" data-element_type=\"widget\" data-widget_type=\"text-editor.default\">\n\t\t\t\t<div class=\"elementor-widget-container\">\n\t\t\t\t\t\t\t\t\t<p>En cumprimento do disposto no Regulamento (UE) 2016\/679 do Parlamento Europeo e do Consello (RGPD), as\u00ed como na Lei Org\u00e1nica 3\/2018 (LOPDGDD), inf\u00f3rmase que o responsable do tratamento dos datos persoais recollidos a trav\u00e9s do presente sitio web \u00e9:<\/p><ul><li>Responsable: Servicios Ganaderos VG, S.L.<\/li><li>Nome comercial: Servicios Ganaderos VG S.L<\/li><li>CIF: B-10595502<\/li><li>Direcci\u00f3n: Vilard\u00f3n, 8 (Bocamaos) 27296, Lugo<\/li><li>Correo electr\u00f3nico: administracion@serviciosganaderosvg.es\u00a0<\/li><\/ul>\t\t\t\t\t\t\t\t<\/div>\n\t\t\t\t<\/div>\n\t\t\t\t<div class=\"elementor-element elementor-element-ba9ea0e elementor-widget__width-auto elementor-widget elementor-widget-heading\" data-id=\"ba9ea0e\" data-element_type=\"widget\" data-widget_type=\"heading.default\">\n\t\t\t\t<div class=\"elementor-widget-container\">\n\t\t\t\t\t<h2 class=\"elementor-heading-title elementor-size-default\">Finalidade do tratamento dos datos<\/h2>\t\t\t\t<\/div>\n\t\t\t\t<\/div>\n\t\t\t\t<div class=\"elementor-element elementor-element-c4bfc30 elementor-widget elementor-widget-text-editor\" data-id=\"c4bfc30\" data-element_type=\"widget\" data-widget_type=\"text-editor.default\">\n\t\t\t\t<div class=\"elementor-widget-container\">\n\t\t\t\t\t\t\t\t\tOs datos persoais que o usuario proporciona a trav\u00e9s do formulario de contacto ou mediante comunicaci\u00f3n directa por correo electr\u00f3nico tr\u00e1tanse coas seguintes finalidades:\n<ul>\n \t<li>Xestionar as consultas recibidas e proporcionar unha resposta adecuada a cada solicitude.<\/li>\n \t<li>Facilitar informaci\u00f3n sobre os servizos ofrecidos por Servicios Ganaderos VG S.L<\/li>\n \t<li>Manter unha relaci\u00f3n comercial ou precontractual cando as\u00ed o solicite o usuario.<\/li>\n \t<li>Enviar comunicaci\u00f3ns relacionadas cos servizos prestados, unicamente no caso de que exista unha relaci\u00f3n previa ou se autorizou expresamente<\/li>\n<\/ul>\n\nOs datos proporcionados conservaranse durante o tempo necesario para cumprir coa finalidade para a que se solicitaron e, en todo caso, durante os prazos legalmente esixidos ou mentres se mante\u00f1a o interese por parte do usuario.\t\t\t\t\t\t\t\t<\/div>\n\t\t\t\t<\/div>\n\t\t\t\t<div class=\"elementor-element elementor-element-cbbfe96 elementor-widget__width-auto elementor-widget elementor-widget-heading\" data-id=\"cbbfe96\" data-element_type=\"widget\" data-widget_type=\"heading.default\">\n\t\t\t\t<div class=\"elementor-widget-container\">\n\t\t\t\t\t<h2 class=\"elementor-heading-title elementor-size-default\">Lexitimaci\u00f3n para o tratamento<\/h2>\t\t\t\t<\/div>\n\t\t\t\t<\/div>\n\t\t\t\t<div class=\"elementor-element elementor-element-d06027b elementor-widget elementor-widget-text-editor\" data-id=\"d06027b\" data-element_type=\"widget\" data-widget_type=\"text-editor.default\">\n\t\t\t\t<div class=\"elementor-widget-container\">\n\t\t\t\t\t\t\t\t\tA base legal que habilita o tratamento dos datos persoais do usuario \u00e9:\n\nO consentimento do interesado, manifestado de forma libre, espec\u00edfica, informada e inequ\u00edvoca ao completar e enviar o formulario de contacto do sitio web ou ao establecer comunicaci\u00f3n directa con Servicios Ganaderos VG S.L\u00a0 por correo electr\u00f3nico.\n\nO usuario poder\u00e1 retirar o seu consentimento en calquera momento, sen que iso afecte \u00e1 licitud do tratamento realizado previamente.\t\t\t\t\t\t\t\t<\/div>\n\t\t\t\t<\/div>\n\t\t\t\t<div class=\"elementor-element elementor-element-c58fbbb elementor-widget__width-auto elementor-widget elementor-widget-heading\" data-id=\"c58fbbb\" data-element_type=\"widget\" data-widget_type=\"heading.default\">\n\t\t\t\t<div class=\"elementor-widget-container\">\n\t\t\t\t\t<h2 class=\"elementor-heading-title elementor-size-default\">Destinatarios dos datos<\/h2>\t\t\t\t<\/div>\n\t\t\t\t<\/div>\n\t\t\t\t<div class=\"elementor-element elementor-element-3c37a25 elementor-widget elementor-widget-text-editor\" data-id=\"3c37a25\" data-element_type=\"widget\" data-widget_type=\"text-editor.default\">\n\t\t\t\t<div class=\"elementor-widget-container\">\n\t\t\t\t\t\t\t\t\tOs datos persoais proporcionados non se ceder\u00e1n a terceiros, salvo que exista unha obrigaci\u00f3n legal ou sexa necesario para a prestaci\u00f3n do servizo solicitado polo usuario (por exemplo, no caso de contrataci\u00f3ns que requiran a intervenci\u00f3n de terceiros profesionais ou t\u00e9cnicos).\n\nNon se realizan transferencias internacionais de datos.\t\t\t\t\t\t\t\t<\/div>\n\t\t\t\t<\/div>\n\t\t\t\t<div class=\"elementor-element elementor-element-d587525 elementor-widget__width-auto elementor-widget elementor-widget-heading\" data-id=\"d587525\" data-element_type=\"widget\" data-widget_type=\"heading.default\">\n\t\t\t\t<div class=\"elementor-widget-container\">\n\t\t\t\t\t<h2 class=\"elementor-heading-title elementor-size-default\">Dereitos das persoas interesadas<\/h2>\t\t\t\t<\/div>\n\t\t\t\t<\/div>\n\t\t\t\t<div class=\"elementor-element elementor-element-9b6154e elementor-widget elementor-widget-text-editor\" data-id=\"9b6154e\" data-element_type=\"widget\" data-widget_type=\"text-editor.default\">\n\t\t\t\t<div class=\"elementor-widget-container\">\n\t\t\t\t\t\t\t\t\tO usuario ten dereito a exercer os seguintes dereitos en relaci\u00f3n cos seus datos persoais:\n\n<ul>\n \t<li><strong>Acceso<\/strong>: co\u00f1ecer que datos seus est\u00e1n a ser tratados e con que finalidade.\n<\/li>\n \t<li><strong>Rectificaci\u00f3n<\/strong>: solicitar a modificaci\u00f3n de datos inexactos ou incompletos.\n<\/li>\n \t<li><strong>Supresi\u00f3n<\/strong>: solicitar a eliminaci\u00f3n dos seus datos cando xa non sexan necesarios ou se retirou o consentimento.\n<\/li>\n \t<li><strong>Limitaci\u00f3n do tratamento<\/strong>: solicitar a restrici\u00f3n do uso dos seus datos en determinados supostos.\n<\/li>\n \t<li><strong>Oposici\u00f3n<\/strong>: opo\u00f1erse ao tratamento dos seus datos por motivos relacionados coa s\u00faa situaci\u00f3n particular.\n<\/li>\n \t<li><strong>Portabilidade<\/strong>: recibir os seus datos nun formato estruturado e transmitilos a outro responsable, cando sexa tecnicamente posible.\n<\/li>\n<\/ul>\nPara exercer calquera destes dereitos, o usuario pode enviar unha solicitude a:<\/p>\n<p class=\"\" data-start=\"3541\" data-end=\"3655\"><img decoding=\"async\" class=\"emoji\" role=\"img\" draggable=\"false\" src=\"https:\/\/s.w.org\/images\/core\/emoji\/16.0.1\/svg\/1f4e7.svg\" alt=\"\ud83d\udce7\" \/>\u00a0<strong data-start=\"3544\" data-end=\"3566\">Correo electr\u00f3nico<\/strong>: <span class=\"TextRun Underlined SCXW141375043 BCX8\" lang=\"GL-ES\" xml:lang=\"GL-ES\" data-contrast=\"none\"><span class=\"NormalTextRun SCXW141375043 BCX8\" data-ccp-charstyle=\"Hyperlink\">administracion@serviciosganaderosvg.es<\/span><\/span><span class=\"EOP SCXW141375043 BCX8\" data-ccp-props=\"{&quot;201341983&quot;:0,&quot;335559739&quot;:0,&quot;335559740&quot;:288}\">\u00a0<\/span><br data-start=\"3591\" data-end=\"3594\" \/><img decoding=\"async\" class=\"emoji\" role=\"img\" draggable=\"false\" src=\"https:\/\/s.w.org\/images\/core\/emoji\/16.0.1\/svg\/1f4cd.svg\" alt=\"\ud83d\udccd\" \/>\u00a0<strong data-start=\"3597\" data-end=\"3607\">Asunto<\/strong>: \u00abExercicio de dereitos de protecci\u00f3n de datos\u00bb<\/p>\n<p class=\"\" data-start=\"3657\" data-end=\"3839\">A solicitude deber\u00e1 inclu\u00edr nome e apelidos do interesado, copia do DNI ou documento equivalente, o dereito que desexa exercer e as circunstancias relacionadas coa s\u00faa solicitude.<\/p>\n<p class=\"\" data-start=\"3841\" data-end=\"4016\">As\u00ed mesmo, o usuario ten dereito a presentar unha <strong>reclamaci\u00f3n ante a Axencia Espa\u00f1ola de Protecci\u00f3n de Datos (AEPD)<\/strong> se considera que os seus dereitos non foron respectados:<\/p>\n<p class=\"\" data-start=\"4018\" data-end=\"4055\"><img decoding=\"async\" class=\"emoji\" role=\"img\" draggable=\"false\" src=\"https:\/\/s.w.org\/images\/core\/emoji\/16.0.1\/svg\/1f517.svg\" alt=\"\ud83d\udd17\" \/>\u00a0<a class=\"\" href=\"https:\/\/www.aepd.es\/\" target=\"_new\" rel=\"noopener\" data-start=\"4021\" data-end=\"4055\">www.aepd.es<\/a><\/p>\t\t\t\t\t\t\t\t<\/div>\n\t\t\t\t<\/div>\n\t\t\t\t<div class=\"elementor-element elementor-element-9ea3608 elementor-widget__width-auto elementor-widget elementor-widget-heading\" data-id=\"9ea3608\" data-element_type=\"widget\" data-widget_type=\"heading.default\">\n\t\t\t\t<div class=\"elementor-widget-container\">\n\t\t\t\t\t<h2 class=\"elementor-heading-title elementor-size-default\">Seguridade dos datos<\/h2>\t\t\t\t<\/div>\n\t\t\t\t<\/div>\n\t\t\t\t<div class=\"elementor-element elementor-element-5fb9e70 elementor-widget elementor-widget-text-editor\" data-id=\"5fb9e70\" data-element_type=\"widget\" data-widget_type=\"text-editor.default\">\n\t\t\t\t<div class=\"elementor-widget-container\">\n\t\t\t\t\t\t\t\t\tServicios Ganaderos VG S.L\u00a0 comprom\u00e9tese a adoptar as medidas t\u00e9cnicas e organizativas necesarias para garantir a seguridade e confidencialidade dos datos persoais, evitando a s\u00faa alteraci\u00f3n, perda, tratamento ou acceso non autorizado, en funci\u00f3n do estado da tecnolox\u00eda, a natureza dos datos tratados e os riscos aos que estean expostos.\t\t\t\t\t\t\t\t<\/div>\n\t\t\t\t<\/div>\n\t\t\t\t<div class=\"elementor-element elementor-element-c4aa971 elementor-widget__width-auto elementor-widget elementor-widget-heading\" data-id=\"c4aa971\" data-element_type=\"widget\" data-widget_type=\"heading.default\">\n\t\t\t\t<div class=\"elementor-widget-container\">\n\t\t\t\t\t<h2 class=\"elementor-heading-title elementor-size-default\">Cambios na pol\u00edtica de privacidade<\/h2>\t\t\t\t<\/div>\n\t\t\t\t<\/div>\n\t\t\t\t<div class=\"elementor-element elementor-element-7e5f255 elementor-widget elementor-widget-text-editor\" data-id=\"7e5f255\" data-element_type=\"widget\" data-widget_type=\"text-editor.default\">\n\t\t\t\t<div class=\"elementor-widget-container\">\n\t\t\t\t\t\t\t\t\tServicios Ganaderos VG S.L\u00a0 res\u00e9rvase o dereito de modificar a presente Pol\u00edtica de Privacidade para adaptala a novidades lexislativas, xurisprudenciais ou pr\u00e1cticas da industria. Nos devanditos casos, informarase nesta mesma p\u00e1xina dos cambios introducidos e, cando corresponda, solicitarase o consentimento do usuario para continuar co tratamento.\t\t\t\t\t\t\t\t<\/div>\n\t\t\t\t<\/div>\n\t\t\t\t\t<\/div>\n\t\t<\/div>\n\t\t\t\t\t<\/div>\n\t\t<\/section>\n\t\t\t\t<\/div>","protected":false},"excerpt":{"rendered":"<p>Pol\u00edtica de privacidade Responsable do tratamento de datos En cumprimento do disposto no Regulamento (UE) 2016\/679 do Parlamento Europeo e do Consello (RGPD), as\u00ed como na Lei Org\u00e1nica 3\/2018 (LOPDGDD), inf\u00f3rmase que o responsable do tratamento dos datos persoais recollidos a trav\u00e9s do presente sitio web \u00e9: Responsable: Servicios Ganaderos VG, S.L. Nome comercial: Servicios [&hellip;]<\/p>\n","protected":false},"author":1,"featured_media":0,"parent":0,"menu_order":0,"comment_status":"closed","ping_status":"closed","template":"","meta":{"footnotes":""},"class_list":["post-1166","page","type-page","status-publish","hentry"],"aioseo_notices":[],"_links":{"self":[{"href":"https:\/\/serviciosganaderosvg.es\/es\/wp-json\/wp\/v2\/pages\/1166","targetHints":{"allow":["GET"]}}],"collection":[{"href":"https:\/\/serviciosganaderosvg.es\/es\/wp-json\/wp\/v2\/pages"}],"about":[{"href":"https:\/\/serviciosganaderosvg.es\/es\/wp-json\/wp\/v2\/types\/page"}],"author":[{"embeddable":true,"href":"https:\/\/serviciosganaderosvg.es\/es\/wp-json\/wp\/v2\/users\/1"}],"replies":[{"embeddable":true,"href":"https:\/\/serviciosganaderosvg.es\/es\/wp-json\/wp\/v2\/comments?post=1166"}],"version-history":[{"count":29,"href":"https:\/\/serviciosganaderosvg.es\/es\/wp-json\/wp\/v2\/pages\/1166\/revisions"}],"predecessor-version":[{"id":2195,"href":"https:\/\/serviciosganaderosvg.es\/es\/wp-json\/wp\/v2\/pages\/1166\/revisions\/2195"}],"wp:attachment":[{"href":"https:\/\/serviciosganaderosvg.es\/es\/wp-json\/wp\/v2\/media?parent=1166"}],"curies":[{"name":"wp","href":"https:\/\/api.w.org\/{rel}","templated":true}]}}