{"id":1172,"date":"2025-10-01T08:18:12","date_gmt":"2025-10-01T08:18:12","guid":{"rendered":"https:\/\/serviciosganaderosvg.es\/?page_id=1172"},"modified":"2025-10-23T15:17:00","modified_gmt":"2025-10-23T15:17:00","slug":"politica-de-cookies","status":"publish","type":"page","link":"http:\/\/serviciosganaderosvg.es\/es\/politica-de-cookies\/","title":{"rendered":"Pol\u00edtica de cookies"},"content":{"rendered":"<div data-elementor-type=\"wp-page\" data-elementor-id=\"1172\" class=\"elementor elementor-1172\" data-elementor-post-type=\"page\">\n\t\t\t\t<div class=\"elementor-element elementor-element-1d7c218 e-con-full e-flex e-con e-parent\" data-id=\"1d7c218\" data-element_type=\"container\">\n\t\t<section class=\"elementor-element elementor-element-7156275 e-con-full e-flex e-con e-child\" data-id=\"7156275\" data-element_type=\"container\" data-settings=\"{&quot;background_background&quot;:&quot;classic&quot;}\">\n\t\t\t\t<div class=\"elementor-element elementor-element-a165bc2 elementor-widget__width-initial elementor-widget elementor-widget-heading\" data-id=\"a165bc2\" data-element_type=\"widget\" data-widget_type=\"heading.default\">\n\t\t\t\t<div class=\"elementor-widget-container\">\n\t\t\t\t\t<h1 class=\"elementor-heading-title elementor-size-default\">Pol\u00edtica de cookies<\/h1>\t\t\t\t<\/div>\n\t\t\t\t<\/div>\n\t\t\t\t<\/section>\n\t\t\t\t<\/div>\n\t\t\t\t<section class=\"elementor-section elementor-top-section elementor-element elementor-element-1190ad2 elementor-section-boxed elementor-section-height-default elementor-section-height-default\" data-id=\"1190ad2\" data-element_type=\"section\">\n\t\t\t\t\t\t<div class=\"elementor-container elementor-column-gap-default\">\n\t\t\t\t\t<div class=\"elementor-column elementor-col-100 elementor-top-column elementor-element elementor-element-c7eac76\" data-id=\"c7eac76\" data-element_type=\"column\">\n\t\t\t<div class=\"elementor-widget-wrap elementor-element-populated\">\n\t\t\t\t\t\t<div class=\"elementor-element elementor-element-3f7c62f elementor-widget__width-auto elementor-widget elementor-widget-heading\" data-id=\"3f7c62f\" data-element_type=\"widget\" data-widget_type=\"heading.default\">\n\t\t\t\t<div class=\"elementor-widget-container\">\n\t\t\t\t\t<h2 class=\"elementor-heading-title elementor-size-default\">Que son as cookies?<\/h2>\t\t\t\t<\/div>\n\t\t\t\t<\/div>\n\t\t\t\t<div class=\"elementor-element elementor-element-61509b0 elementor-widget elementor-widget-text-editor\" data-id=\"61509b0\" data-element_type=\"widget\" data-widget_type=\"text-editor.default\">\n\t\t\t\t<div class=\"elementor-widget-container\">\n\t\t\t\t\t\t\t\t\tAs cookies son pequenos arquivos de texto que os sitios web almacenan no dispositivo do usuario (computador, tablet, tel\u00e9fono m\u00f3bil etc.)\/ etc.) cando se accede a determinadas p\u00e1xinas. Estes arquivos permiten que o sitio web lembre informaci\u00f3n sobre a visita do usuario, como o idioma preferido, a configuraci\u00f3n do sitio ou os h\u00e1bitos de navegaci\u00f3n.\n\nExisten distintos tipos de cookies segundo a s\u00faa finalidade, duraci\u00f3n e procedencia. Algunhas son necesarias para o correcto funcionamento da web, mentres que outras permiten realizar estat\u00edsticas ou mostrar contido personalizado.\t\t\t\t\t\t\t\t<\/div>\n\t\t\t\t<\/div>\n\t\t\t\t<div class=\"elementor-element elementor-element-33f4885 elementor-widget__width-auto elementor-widget elementor-widget-heading\" data-id=\"33f4885\" data-element_type=\"widget\" data-widget_type=\"heading.default\">\n\t\t\t\t<div class=\"elementor-widget-container\">\n\t\t\t\t\t<h2 class=\"elementor-heading-title elementor-size-default\">Uso de cookies neste sitio web<\/h2>\t\t\t\t<\/div>\n\t\t\t\t<\/div>\n\t\t\t\t<div class=\"elementor-element elementor-element-b2d5ee0 elementor-widget elementor-widget-text-editor\" data-id=\"b2d5ee0\" data-element_type=\"widget\" data-widget_type=\"text-editor.default\">\n\t\t\t\t<div class=\"elementor-widget-container\">\n\t\t\t\t\t\t\t\t\tNo sitio web de Servicios Ganaderos VG S.L\u00a0\u00a0(serviciosganaderosvs.es), non se utilizan cookies propias nin de terceiros con fins publicitarios, de an\u00e1lises ou de seguimento do comportamento do usuario. A \u00fanica finalidade das cookies empregadas \u00e9 garantir o funcionamento b\u00e1sico e seguro do sitio.\n\nConcretamente, este sitio s\u00f3 utiliza cookies t\u00e9cnicas esenciais, \u00e9 dicir, aquelas necesarias para:\n<ul>\n \t<li>Permitir a navegaci\u00f3n polas distintas secci\u00f3ns da web.<\/li>\n \t<li>Facilitar o acceso seguro a \u00e1reas protexidas ou formularios.<\/li>\n \t<li>Lembrar certas acci\u00f3ns do usuario durante a sesi\u00f3n, como o idioma ou o formato de visualizaci\u00f3n preferido.<\/li>\n<\/ul>\n\nEstas cookies non recompilan datos persoais nin permiten identificar o usuario, e o seu uso est\u00e1 exento da obrigaci\u00f3n de solicitar o consentimento expreso do visitante, tal como establece a lexislaci\u00f3n vixente.\t\t\t\t\t\t\t\t<\/div>\n\t\t\t\t<\/div>\n\t\t\t\t<div class=\"elementor-element elementor-element-eec14dc elementor-widget__width-auto elementor-widget elementor-widget-heading\" data-id=\"eec14dc\" data-element_type=\"widget\" data-widget_type=\"heading.default\">\n\t\t\t\t<div class=\"elementor-widget-container\">\n\t\t\t\t\t<h2 class=\"elementor-heading-title elementor-size-default\">Cookies exentas de consentimento<\/h2>\t\t\t\t<\/div>\n\t\t\t\t<\/div>\n\t\t\t\t<div class=\"elementor-element elementor-element-f8c5946 elementor-widget elementor-widget-text-editor\" data-id=\"f8c5946\" data-element_type=\"widget\" data-widget_type=\"text-editor.default\">\n\t\t\t\t<div class=\"elementor-widget-container\">\n\t\t\t\t\t\t\t\t\t<p>Segundo o establecido pola Lei 34\/2002, do 11 de xullo, de servizos da sociedade da informaci\u00f3n e comercio electr\u00f3nico (LSSI-CE), as\u00ed como polas directrices da Axencia Espa\u00f1ola de Protecci\u00f3n de Datos (AEPD), non \u00e9 necesario solicitar o consentimento do usuario para o uso de cookies estritamente necesarias para prestar un servizo solicitado explicitamente polo usuario.<\/p><p>Isto incl\u00fae as cookies que permiten:<\/p><ul><li>Lembrar a informaci\u00f3n introducida nun formulario de contacto.<\/li><li>Autenticarse como usuario rexistrado (se se habilita no futuro).<\/li><li>Axustar a aparencia do sitio web de acordo con as preferencias do navegador.<\/li><\/ul>\t\t\t\t\t\t\t\t<\/div>\n\t\t\t\t<\/div>\n\t\t\t\t<div class=\"elementor-element elementor-element-e2fdc91 elementor-widget__width-auto elementor-widget elementor-widget-heading\" data-id=\"e2fdc91\" data-element_type=\"widget\" data-widget_type=\"heading.default\">\n\t\t\t\t<div class=\"elementor-widget-container\">\n\t\t\t\t\t<h2 class=\"elementor-heading-title elementor-size-default\">Cambios futuros no uso de cookies<\/h2>\t\t\t\t<\/div>\n\t\t\t\t<\/div>\n\t\t\t\t<div class=\"elementor-element elementor-element-8c6b61f elementor-widget elementor-widget-text-editor\" data-id=\"8c6b61f\" data-element_type=\"widget\" data-widget_type=\"text-editor.default\">\n\t\t\t\t<div class=\"elementor-widget-container\">\n\t\t\t\t\t\t\t\t\t<p>No caso de que no futuro incorp\u00f3rense cookies anal\u00edticas, publicitarias ou de terceiros, co fin de obter estat\u00edsticas de uso, mostrar publicidade personalizada ou mellorar a experiencia do usuario, implementarase un sistema de xesti\u00f3n do consentimento mediante un banner informativo no momento de acceso \u00e1 web.<\/p><p>Este banner permitir\u00e1 ao usuario:<\/p><ul><li>Aceptar todas as cookies.<\/li><li>Configurar as s\u00faas preferencias de forma granular (permitir unhas e rexeitar outras).<\/li><li>Rexeitar todas as cookies non esenciais.<\/li><\/ul><p>Ademais, actualizarase esta Pol\u00edtica de Cookies para reflectir con precisi\u00f3n os novos tipos de cookies utilizadas e as s\u00faas finalidades espec\u00edficas, asegurando en todo momento a transparencia e o cumprimento normativo.<\/p>\t\t\t\t\t\t\t\t<\/div>\n\t\t\t\t<\/div>\n\t\t\t\t<div class=\"elementor-element elementor-element-20fbb3d elementor-widget__width-auto elementor-widget elementor-widget-heading\" data-id=\"20fbb3d\" data-element_type=\"widget\" data-widget_type=\"heading.default\">\n\t\t\t\t<div class=\"elementor-widget-container\">\n\t\t\t\t\t<h2 class=\"elementor-heading-title elementor-size-default\">Xesti\u00f3n de cookies no navegador<\/h2>\t\t\t\t<\/div>\n\t\t\t\t<\/div>\n\t\t\t\t<div class=\"elementor-element elementor-element-006583a elementor-widget elementor-widget-text-editor\" data-id=\"006583a\" data-element_type=\"widget\" data-widget_type=\"text-editor.default\">\n\t\t\t\t<div class=\"elementor-widget-container\">\n\t\t\t\t\t\t\t\t\t<p class=\"\" data-start=\"3370\" data-end=\"3578\">A\u00ednda que este sitio non require ningunha acci\u00f3n por parte do usuario respecto a as cookies, lembramos que todos os navegadores permiten configurar ou restrinxir o uso de cookies en xeral. O usuario pode:<\/p><ul data-start=\"3580\" data-end=\"3716\"><li class=\"\" data-start=\"3580\" data-end=\"3614\"><p class=\"\" data-start=\"3582\" data-end=\"3614\">Eliminar cookies xa almacenadas.<\/p><\/li><li class=\"\" data-start=\"3580\" data-end=\"3614\"><p class=\"\" data-start=\"3582\" data-end=\"3614\">Bloquear a instalaci\u00f3n de novas cookies.<\/p><\/li><li class=\"\" data-start=\"3580\" data-end=\"3614\"><p class=\"\" data-start=\"3582\" data-end=\"3614\">Configurar avisos previos \u00e1 instalaci\u00f3n de cookies.<\/p><\/li><\/ul><p class=\"\" data-start=\"3718\" data-end=\"3860\">Cada navegador ten procedementos distintos. A continuaci\u00f3n, incl\u00faense ligaz\u00f3ns \u00e1s p\u00e1xinas de soporte dos navegadores m\u00e1is utilizados:<\/p><ul data-start=\"3862\" data-end=\"4461\"><li class=\"\" data-start=\"3862\" data-end=\"3993\"><p class=\"\" data-start=\"3864\" data-end=\"3993\"><strong data-start=\"3864\" data-end=\"3881\">Google Chrome<\/strong>:\u00a0<a target=\"_new\" rel=\"noopener\" data-start=\"3883\" data-end=\"3991\">https:\/\/support.google.com\/chrome\/answer\/95647?hl=es<\/a><\/p><\/li><li class=\"\" data-start=\"3994\" data-end=\"4177\"><p class=\"\" data-start=\"3996\" data-end=\"4177\"><strong data-start=\"3996\" data-end=\"4015\">Mozilla Firefox<\/strong>:\u00a0<a class=\"\" href=\"https:\/\/support.mozilla.org\/es\/kb\/habilitar-y-deshabilitar-cookies-sitios-web\" target=\"_new\" rel=\"noopener\" data-start=\"4017\" data-end=\"4175\">https:\/\/support.mozilla.org\/es\/kb\/habilitar-y-deshabilitar-cookies-sitios-web<\/a><\/p><\/li><li class=\"\" data-start=\"4178\" data-end=\"4362\"><p class=\"\" data-start=\"4180\" data-end=\"4362\"><strong data-start=\"4180\" data-end=\"4198\">Microsoft Edge<\/strong>:\u00a0<a class=\"\" href=\"https:\/\/support.microsoft.com\/es-es\/help\/4027947\/microsoft-edge-delete-cookies\" target=\"_new\" rel=\"noopener\" data-start=\"4200\" data-end=\"4360\">https:\/\/support.microsoft.com\/es-es\/help\/4027947\/microsoft-edge-delete-cookies<\/a><\/p><\/li><li class=\"\" data-start=\"4363\" data-end=\"4461\"><p class=\"\" data-start=\"4365\" data-end=\"4461\"><strong data-start=\"4365\" data-end=\"4375\">Safari<\/strong>:\u00a0<a class=\"\" href=\"https:\/\/support.apple.com\/es-es\/HT201265\" target=\"_new\" rel=\"noopener\" data-start=\"4377\" data-end=\"4461\">https:\/\/support.apple.com\/es-es\/HT201265<\/a><\/p><\/li><\/ul>\t\t\t\t\t\t\t\t<\/div>\n\t\t\t\t<\/div>\n\t\t\t\t<div class=\"elementor-element elementor-element-e59e327 elementor-widget__width-auto elementor-widget elementor-widget-heading\" data-id=\"e59e327\" data-element_type=\"widget\" data-widget_type=\"heading.default\">\n\t\t\t\t<div class=\"elementor-widget-container\">\n\t\t\t\t\t<h2 class=\"elementor-heading-title elementor-size-default\">Actualizaci\u00f3n da pol\u00edtica<\/h2>\t\t\t\t<\/div>\n\t\t\t\t<\/div>\n\t\t\t\t<div class=\"elementor-element elementor-element-de2c455 elementor-widget elementor-widget-text-editor\" data-id=\"de2c455\" data-element_type=\"widget\" data-widget_type=\"text-editor.default\">\n\t\t\t\t<div class=\"elementor-widget-container\">\n\t\t\t\t\t\t\t\t\tEsta pol\u00edtica pode ser modificada en calquera momento para adaptarse a cambios lexislativos ou t\u00e9cnicos. Recom\u00e9ndase ao usuario revisar periodicamente esta secci\u00f3n para estar informado de calquera actualizaci\u00f3n.\t\t\t\t\t\t\t\t<\/div>\n\t\t\t\t<\/div>\n\t\t\t\t\t<\/div>\n\t\t<\/div>\n\t\t\t\t\t<\/div>\n\t\t<\/section>\n\t\t\t\t<\/div>","protected":false},"excerpt":{"rendered":"<p>Pol\u00edtica de cookies Que son as cookies? As cookies son pequenos arquivos de texto que os sitios web almacenan no dispositivo do usuario (computador, tablet, tel\u00e9fono m\u00f3bil etc.)\/ etc.) cando se accede a determinadas p\u00e1xinas. Estes arquivos permiten que o sitio web lembre informaci\u00f3n sobre a visita do usuario, como o idioma preferido, a configuraci\u00f3n [&hellip;]<\/p>\n","protected":false},"author":1,"featured_media":0,"parent":0,"menu_order":0,"comment_status":"closed","ping_status":"closed","template":"","meta":{"footnotes":""},"class_list":["post-1172","page","type-page","status-publish","hentry"],"aioseo_notices":[],"_links":{"self":[{"href":"http:\/\/serviciosganaderosvg.es\/es\/wp-json\/wp\/v2\/pages\/1172","targetHints":{"allow":["GET"]}}],"collection":[{"href":"http:\/\/serviciosganaderosvg.es\/es\/wp-json\/wp\/v2\/pages"}],"about":[{"href":"http:\/\/serviciosganaderosvg.es\/es\/wp-json\/wp\/v2\/types\/page"}],"author":[{"embeddable":true,"href":"http:\/\/serviciosganaderosvg.es\/es\/wp-json\/wp\/v2\/users\/1"}],"replies":[{"embeddable":true,"href":"http:\/\/serviciosganaderosvg.es\/es\/wp-json\/wp\/v2\/comments?post=1172"}],"version-history":[{"count":19,"href":"http:\/\/serviciosganaderosvg.es\/es\/wp-json\/wp\/v2\/pages\/1172\/revisions"}],"predecessor-version":[{"id":2198,"href":"http:\/\/serviciosganaderosvg.es\/es\/wp-json\/wp\/v2\/pages\/1172\/revisions\/2198"}],"wp:attachment":[{"href":"http:\/\/serviciosganaderosvg.es\/es\/wp-json\/wp\/v2\/media?parent=1172"}],"curies":[{"name":"wp","href":"https:\/\/api.w.org\/{rel}","templated":true}]}}