{"id":1160,"date":"2025-10-01T07:40:37","date_gmt":"2025-10-01T07:40:37","guid":{"rendered":"https:\/\/serviciosganaderosvg.es\/?page_id=1160"},"modified":"2025-10-23T15:16:28","modified_gmt":"2025-10-23T15:16:28","slug":"aviso-legal","status":"publish","type":"page","link":"http:\/\/serviciosganaderosvg.es\/es\/aviso-legal\/","title":{"rendered":"Aviso legal"},"content":{"rendered":"<div data-elementor-type=\"wp-page\" data-elementor-id=\"1160\" class=\"elementor elementor-1160\" data-elementor-post-type=\"page\">\n\t\t\t\t<div class=\"elementor-element elementor-element-7749254 e-con-full e-flex e-con e-parent\" data-id=\"7749254\" data-element_type=\"container\">\n\t\t<section class=\"elementor-element elementor-element-bc12e12 e-con-full e-flex e-con e-child\" data-id=\"bc12e12\" data-element_type=\"container\" data-settings=\"{&quot;background_background&quot;:&quot;classic&quot;}\">\n\t\t\t\t<div class=\"elementor-element elementor-element-3d19fbb elementor-widget__width-initial elementor-widget elementor-widget-heading\" data-id=\"3d19fbb\" data-element_type=\"widget\" data-widget_type=\"heading.default\">\n\t\t\t\t<div class=\"elementor-widget-container\">\n\t\t\t\t\t<h1 class=\"elementor-heading-title elementor-size-default\">Aviso legal<\/h1>\t\t\t\t<\/div>\n\t\t\t\t<\/div>\n\t\t\t\t<\/section>\n\t\t\t\t<\/div>\n\t\t\t\t<section class=\"elementor-section elementor-top-section elementor-element elementor-element-118549f elementor-section-boxed elementor-section-height-default elementor-section-height-default\" data-id=\"118549f\" data-element_type=\"section\">\n\t\t\t\t\t\t<div class=\"elementor-container elementor-column-gap-default\">\n\t\t\t\t\t<div class=\"elementor-column elementor-col-100 elementor-top-column elementor-element elementor-element-0c92667\" data-id=\"0c92667\" data-element_type=\"column\">\n\t\t\t<div class=\"elementor-widget-wrap elementor-element-populated\">\n\t\t\t\t\t\t<div class=\"elementor-element elementor-element-1965e0f elementor-widget__width-auto elementor-widget elementor-widget-heading\" data-id=\"1965e0f\" data-element_type=\"widget\" data-widget_type=\"heading.default\">\n\t\t\t\t<div class=\"elementor-widget-container\">\n\t\t\t\t\t<h2 class=\"elementor-heading-title elementor-size-default\">Obxecto do sitio web<\/h2>\t\t\t\t<\/div>\n\t\t\t\t<\/div>\n\t\t\t\t<div class=\"elementor-element elementor-element-8d22217 elementor-widget elementor-widget-text-editor\" data-id=\"8d22217\" data-element_type=\"widget\" data-widget_type=\"text-editor.default\">\n\t\t\t\t<div class=\"elementor-widget-container\">\n\t\t\t\t\t\t\t\t\t<p>O presente sitio web ten como finalidade proporcionar informaci\u00f3n clara, veraz e actualizada sobre os servizos profesionais ofrecidos baixo a marca Servicios Ganaderos VG S.L\u00a0, entre os que se incl\u00faen:<\/p><ul><li>Asesoramiento<\/li><li>Introducci\u00f3n al robot de orde\u00f1ado<\/li><li>Campa\u00f1as de ensilaje<\/li><li>Limpieza y desbroce de parcelas<\/li><li>Peche de fincas<\/li><li>Retirada de abono y limpieza de estercoleras<\/li><li>Recogida de le\u00f1a para autoconsumo<\/li><li>Preparaci\u00f3n de tierras y plantaci\u00f3n<\/li><li>Plantaci\u00f3n y recolecta de patatas, ma\u00edz y huerta<\/li><li>Matanzas, limpiezas e despiece tradicional<\/li><\/ul><p><br \/>As\u00ed mesmo, leste espazo web busca facilitar o contacto con potenciais clientes, permitir a solicitude de orzamentos e divulgar contido relacionado coa gandar\u00eda.<\/p>\t\t\t\t\t\t\t\t<\/div>\n\t\t\t\t<\/div>\n\t\t\t\t<div class=\"elementor-element elementor-element-55f446f elementor-widget__width-auto elementor-widget elementor-widget-heading\" data-id=\"55f446f\" data-element_type=\"widget\" data-widget_type=\"heading.default\">\n\t\t\t\t<div class=\"elementor-widget-container\">\n\t\t\t\t\t<h2 class=\"elementor-heading-title elementor-size-default\">Propiedade intelectual e industrial<\/h2>\t\t\t\t<\/div>\n\t\t\t\t<\/div>\n\t\t\t\t<div class=\"elementor-element elementor-element-db6fe63 elementor-widget elementor-widget-text-editor\" data-id=\"db6fe63\" data-element_type=\"widget\" data-widget_type=\"text-editor.default\">\n\t\t\t\t<div class=\"elementor-widget-container\">\n\t\t\t\t\t\t\t\t\t<p>Todos os contidos presentes neste sitio web \u2014tales como textos, imaxes, v\u00eddeos, logotipos, elementos gr\u00e1ficos, dese\u00f1o e c\u00f3digo fonte\u2014 est\u00e1n suxeitos a dereitos de propiedade intelectual e industrial. Devanditos contidos son titularidade exclusiva de Servicios Ganaderos VG, S.L, ou ben se disp\u00f3n das licenzas necesarias para o seu uso.<\/p><p>Queda expresamente prohibida a reproduci\u00f3n total ou parcial, uso, distribuci\u00f3n, comunicaci\u00f3n p\u00fablica, transformaci\u00f3n ou calquera outra actividade similar dos contidos sen autorizaci\u00f3n previa e por escrito do titular. O usuario comprom\u00e9tese a respectar os dereitos de propiedade intelectual e industrial do titular do sitio.<\/p>\t\t\t\t\t\t\t\t<\/div>\n\t\t\t\t<\/div>\n\t\t\t\t<div class=\"elementor-element elementor-element-3a2502a elementor-widget__width-auto elementor-widget elementor-widget-heading\" data-id=\"3a2502a\" data-element_type=\"widget\" data-widget_type=\"heading.default\">\n\t\t\t\t<div class=\"elementor-widget-container\">\n\t\t\t\t\t<h2 class=\"elementor-heading-title elementor-size-default\">Responsabilidade<\/h2>\t\t\t\t<\/div>\n\t\t\t\t<\/div>\n\t\t\t\t<div class=\"elementor-element elementor-element-dc43475 elementor-widget elementor-widget-text-editor\" data-id=\"dc43475\" data-element_type=\"widget\" data-widget_type=\"text-editor.default\">\n\t\t\t\t<div class=\"elementor-widget-container\">\n\t\t\t\t\t\t\t\t\tServicios Ganaderos VG S.L\u00a0non se fai responsable dos posibles erros ou omisi\u00f3ns nos contidos publicados, nin do uso que terceiros poidan facer da informaci\u00f3n contida neste sitio web. O titular res\u00e9rvase o dereito para modificar en calquera momento, e sen necesidade de aviso previo\/previo aviso, tanto os contidos como as condici\u00f3ns legais aqu\u00ed expostas, as\u00ed como a suspender temporalmente ou dar de baixa de forma definitiva o sitio web por motivos t\u00e9cnicos, legais ou estrat\u00e9xicos.\n\nDo mesmo xeito, o titular non se responsabiliza dos danos ou prexu\u00edzos que puidesen derivarse do uso deste sitio web ou da descarga de contidos que poidan conter virus ou outros elementos inform\u00e1ticos dani\u00f1os.\t\t\t\t\t\t\t\t<\/div>\n\t\t\t\t<\/div>\n\t\t\t\t<div class=\"elementor-element elementor-element-ef1bdb6 elementor-widget__width-auto elementor-widget elementor-widget-heading\" data-id=\"ef1bdb6\" data-element_type=\"widget\" data-widget_type=\"heading.default\">\n\t\t\t\t<div class=\"elementor-widget-container\">\n\t\t\t\t\t<h2 class=\"elementor-heading-title elementor-size-default\">Ligaz\u00f3ns externos<\/h2>\t\t\t\t<\/div>\n\t\t\t\t<\/div>\n\t\t\t\t<div class=\"elementor-element elementor-element-7f8037e elementor-widget elementor-widget-text-editor\" data-id=\"7f8037e\" data-element_type=\"widget\" data-widget_type=\"text-editor.default\">\n\t\t\t\t<div class=\"elementor-widget-container\">\n\t\t\t\t\t\t\t\t\tEste sitio web pode conter ligaz\u00f3ns a sitios de terceiros. Servicios Ganaderos VG S.L\u00a0 non se responsabiliza do contido, pol\u00edticas ou pr\u00e1cticas de privacidade dos devanditos sitios, nin dos posibles danos que poidan derivarse do acceso aos mesmos. A inclusi\u00f3n destas ligaz\u00f3ns non implica necesariamente unha asociaci\u00f3n, aprobaci\u00f3n ou respaldo por parte do titular do sitio.\t\t\t\t\t\t\t\t<\/div>\n\t\t\t\t<\/div>\n\t\t\t\t<div class=\"elementor-element elementor-element-93280ff elementor-widget__width-auto elementor-widget elementor-widget-heading\" data-id=\"93280ff\" data-element_type=\"widget\" data-widget_type=\"heading.default\">\n\t\t\t\t<div class=\"elementor-widget-container\">\n\t\t\t\t\t<h2 class=\"elementor-heading-title elementor-size-default\">Lexislaci\u00f3n aplicable e xurisdici\u00f3n<\/h2>\t\t\t\t<\/div>\n\t\t\t\t<\/div>\n\t\t\t\t<div class=\"elementor-element elementor-element-40ab8d8 elementor-widget elementor-widget-text-editor\" data-id=\"40ab8d8\" data-element_type=\"widget\" data-widget_type=\"text-editor.default\">\n\t\t\t\t<div class=\"elementor-widget-container\">\n\t\t\t\t\t\t\t\t\tA relaci\u00f3n entre o titular do sitio web e o usuario rexerase pola normativa espa\u00f1ola vixente e calquera controversia que puidese xurdir someterase aos xulgados e tribunais do domicilio do titular, salvo que a normativa aplicable dispo\u00f1a outra cousa.\t\t\t\t\t\t\t\t<\/div>\n\t\t\t\t<\/div>\n\t\t\t\t\t<\/div>\n\t\t<\/div>\n\t\t\t\t\t<\/div>\n\t\t<\/section>\n\t\t\t\t<\/div>","protected":false},"excerpt":{"rendered":"<p>Aviso legal Obxecto do sitio web O presente sitio web ten como finalidade proporcionar informaci\u00f3n clara, veraz e actualizada sobre os servizos profesionais ofrecidos baixo a marca Servicios Ganaderos VG S.L\u00a0, entre os que se incl\u00faen: Asesoramento Introducci\u00f3n ao robot de muxido Campa\u00f1as de ensilado Limpeza e desbroce de parcelas Peche de fincas Retirada de [&hellip;]<\/p>\n","protected":false},"author":1,"featured_media":0,"parent":0,"menu_order":0,"comment_status":"closed","ping_status":"closed","template":"","meta":{"footnotes":""},"class_list":["post-1160","page","type-page","status-publish","hentry"],"aioseo_notices":[],"_links":{"self":[{"href":"http:\/\/serviciosganaderosvg.es\/es\/wp-json\/wp\/v2\/pages\/1160","targetHints":{"allow":["GET"]}}],"collection":[{"href":"http:\/\/serviciosganaderosvg.es\/es\/wp-json\/wp\/v2\/pages"}],"about":[{"href":"http:\/\/serviciosganaderosvg.es\/es\/wp-json\/wp\/v2\/types\/page"}],"author":[{"embeddable":true,"href":"http:\/\/serviciosganaderosvg.es\/es\/wp-json\/wp\/v2\/users\/1"}],"replies":[{"embeddable":true,"href":"http:\/\/serviciosganaderosvg.es\/es\/wp-json\/wp\/v2\/comments?post=1160"}],"version-history":[{"count":22,"href":"http:\/\/serviciosganaderosvg.es\/es\/wp-json\/wp\/v2\/pages\/1160\/revisions"}],"predecessor-version":[{"id":2189,"href":"http:\/\/serviciosganaderosvg.es\/es\/wp-json\/wp\/v2\/pages\/1160\/revisions\/2189"}],"wp:attachment":[{"href":"http:\/\/serviciosganaderosvg.es\/es\/wp-json\/wp\/v2\/media?parent=1160"}],"curies":[{"name":"wp","href":"https:\/\/api.w.org\/{rel}","templated":true}]}}